{"id":1408,"date":"2016-05-04T16:25:51","date_gmt":"2016-05-04T19:25:51","guid":{"rendered":"https:\/\/luizaugustowestin.com.br\/about-dr-luiz-augusto-westin\/"},"modified":"2025-06-30T13:38:06","modified_gmt":"2025-06-30T16:38:06","slug":"about-dr-luiz-augusto-westin","status":"publish","type":"page","link":"https:\/\/luizaugustowestin.com.br\/en\/about-dr-luiz-augusto-westin\/","title":{"rendered":"About Dr. Luiz Augusto Westin"},"content":{"rendered":"\n<div class=\"wp-block-group container\"><div class=\"wp-block-group__inner-container is-layout-flow wp-block-group-is-layout-flow\">\n<h1 class=\"wp-block-heading has-text-align-center h2 text-secondary\">About Dr. Luiz<\/h1>\n\n\n\n<p class=\"has-text-align-center\">With surgical and urological training from the State University of Rio de Janeiro (HUPE\/UERJ), Dr. Luiz Augusto Westin obtained his Specialist Title in Urology from the Brazilian Medical Association\/Brazilian Society of Urology, with an excellent concept in 2010.<\/p>\n\n\n\n<div style=\"height:25px\" aria-hidden=\"true\" class=\"wp-block-spacer\"><\/div>\n\n\n\n<div class=\"wp-block-columns is-layout-flex wp-container-core-columns-is-layout-9d6595d7 wp-block-columns-is-layout-flex\">\n<div class=\"wp-block-column is-layout-flow wp-block-column-is-layout-flow\">\n<p>After completing his specialization, he was a Fellow of the Reconstructive Urology Service at the Pedro Ernesto University Hospital (UERJ), where he perfected his knowledge and techniques, with an emphasis on urethral strictures, penile curvatures, gender-affirming surgeries (transgenitalization) and in genital aesthetic surgeries.<\/p>\n\n\n\n<p>Since the beginning of his training as urologist, Dr. Luiz Augusto Westin has participated in numerous national and international Scientific Congresses, and held a leadership position in the Department of Reconstructive Urology of the Brazilian Society of Urology (SBU) \u2013 RJ, in 2018 \/19. In 2019, he completed his training in robotic surgery with the aim of using cutting-edge technology to improve treatments for pathologies related to urogenital reconstructive surgery. Its work motto is to fully implement evidence-based medicine, always taking a holistic view of the patient.  <\/p>\n\n\n\n<p>He completed his Postgraduate Doctorate in Pathophysiology and Surgical Sciences at the Faculty of Medical Sciences at UERJ, is part of the Reconstructive Urology department at SBU-RJ and the Gender Reaffirming Surgery department at SBU Nacional.<\/p>\n\n\n\n<p>He works as a Preceptor at the Reconstructive Urology Outpatient Clinic at HUPE\/UERJ, where he dedicates much of his time to studies related to Urogenital Reconstruction and the training of new reconstructive urologists.<\/p>\n\n\n\n<p>In his offices, in Barra da Tijuca and in downtown Rio de Janeiro, he works with private patients in General and Reconstructive Urology and, when necessary, performing surgeries in renowned hospitals in the city, such as Casa de Sa\u00fade S\u00e3o Jos\u00e9 , Pr\u00f3-Card\u00edaco, Samaritano, Copa D&#8217;Or, Copa Star and in several other regions of Brazil, such as North, Northeast and Central-West.<\/p>\n\n\n\n<p>He is one of the main doctors specializing in <a href=\"https:\/\/luizaugustowestin.com.br\/en\/\"><strong>Reconstructive Urology in Rio de Janeiro.<\/strong><\/a><\/p>\n\n\n\n<div class=\"wp-block-buttons is-layout-flex wp-block-buttons-is-layout-flex\">\n<div class=\"wp-block-button\"><a class=\"wp-block-button__link no-border-radius wp-element-button\" href=\"http:\/\/luizaugustowestin.com.br\/marcar-consulta\/\">Schedule an appointment<\/a><\/div>\n<\/div>\n<\/div>\n\n\n\n<div class=\"wp-block-column is-layout-flow wp-block-column-is-layout-flow\"><div class=\"wp-block-image\">\n<figure class=\"aligncenter size-full\"><img decoding=\"async\" width=\"935\" height=\"738\" src=\"http:\/\/luizaugustowestin.com.br\/wp-content\/uploads\/2020\/05\/sobre-alt-luiz-augusto-westin.jpg\" alt=\"About Dr. Luiz Augusto Westin\" class=\"wp-image-722\" srcset=\"https:\/\/luizaugustowestin.com.br\/wp-content\/uploads\/2020\/05\/sobre-alt-luiz-augusto-westin.jpg 935w, https:\/\/luizaugustowestin.com.br\/wp-content\/uploads\/2020\/05\/sobre-alt-luiz-augusto-westin-770x608.jpg 770w\" sizes=\"(max-width: 935px) 100vw, 935px\" \/><\/figure><\/div><\/div>\n<\/div>\n<\/div><\/div>\n","protected":false},"excerpt":{"rendered":"<p>Meet Dr. Luiz Augusto Westin, a urologist with a focus on urethral stenosis and genital aesthetics. [&#8230;]<\/p>\n<p class=\"text-right\"><a class=\"understrap-read-more-link\" href=\"https:\/\/luizaugustowestin.com.br\/en\/about-dr-luiz-augusto-westin\/\">Read more<\/a><\/p>\n","protected":false},"author":2,"featured_media":0,"parent":0,"menu_order":0,"comment_status":"closed","ping_status":"closed","template":"page-templates\/empty.php","meta":{"_acf_changed":false,"footnotes":""},"class_list":["post-1408","page","type-page","status-publish","hentry"],"acf":[],"yoast_head":"<!-- This site is optimized with the Yoast SEO plugin v25.3.1 - https:\/\/yoast.com\/wordpress\/plugins\/seo\/ -->\n<title>About | Dr. Luiz Augusto Westin<\/title>\n<meta name=\"description\" content=\"Meet Dr. Luiz Augusto Westin, a urologist with a focus on urethral stenosis and genital aesthetics.\" \/>\n<meta name=\"robots\" content=\"index, follow, max-snippet:-1, max-image-preview:large, max-video-preview:-1\" \/>\n<link rel=\"canonical\" href=\"https:\/\/luizaugustowestin.com.br\/en\/about-dr-luiz-augusto-westin\/\" \/>\n<meta property=\"og:locale\" content=\"en_US\" \/>\n<meta property=\"og:type\" content=\"article\" \/>\n<meta property=\"og:title\" content=\"About | Dr. Luiz Augusto Westin\" \/>\n<meta property=\"og:description\" content=\"Meet Dr. Luiz Augusto Westin, a urologist with a focus on urethral stenosis and genital aesthetics.\" \/>\n<meta property=\"og:url\" content=\"https:\/\/luizaugustowestin.com.br\/en\/about-dr-luiz-augusto-westin\/\" \/>\n<meta property=\"og:site_name\" content=\"Dr. Luiz Augusto Westin\" \/>\n<meta property=\"article:publisher\" content=\"https:\/\/www.facebook.com\/Dr-Luiz-Augusto-Westin-Urologia-Reconstrutora\" \/>\n<meta property=\"article:modified_time\" content=\"2025-06-30T16:38:06+00:00\" \/>\n<meta property=\"og:image\" content=\"https:\/\/luizaugustowestin.com.br\/wp-content\/uploads\/2020\/05\/sobre-alt-luiz-augusto-westin.jpg\" \/>\n\t<meta property=\"og:image:width\" content=\"935\" \/>\n\t<meta property=\"og:image:height\" content=\"738\" \/>\n\t<meta property=\"og:image:type\" content=\"image\/jpeg\" \/>\n<meta name=\"twitter:card\" content=\"summary_large_image\" \/>\n<meta name=\"twitter:label1\" content=\"Est. reading time\" \/>\n\t<meta name=\"twitter:data1\" content=\"2 minutes\" \/>\n<script type=\"application\/ld+json\" class=\"yoast-schema-graph\">{\"@context\":\"https:\/\/schema.org\",\"@graph\":[{\"@type\":\"WebPage\",\"@id\":\"https:\/\/luizaugustowestin.com.br\/en\/about-dr-luiz-augusto-westin\/\",\"url\":\"https:\/\/luizaugustowestin.com.br\/en\/about-dr-luiz-augusto-westin\/\",\"name\":\"About | Dr. Luiz Augusto Westin\",\"isPartOf\":{\"@id\":\"https:\/\/luizaugustowestin.com.br\/en\/#website\"},\"primaryImageOfPage\":{\"@id\":\"https:\/\/luizaugustowestin.com.br\/en\/about-dr-luiz-augusto-westin\/#primaryimage\"},\"image\":{\"@id\":\"https:\/\/luizaugustowestin.com.br\/en\/about-dr-luiz-augusto-westin\/#primaryimage\"},\"thumbnailUrl\":\"http:\/\/luizaugustowestin.com.br\/wp-content\/uploads\/2020\/05\/sobre-alt-luiz-augusto-westin.jpg\",\"datePublished\":\"2016-05-04T19:25:51+00:00\",\"dateModified\":\"2025-06-30T16:38:06+00:00\",\"description\":\"Meet Dr. Luiz Augusto Westin, a urologist with a focus on urethral stenosis and genital aesthetics.\",\"breadcrumb\":{\"@id\":\"https:\/\/luizaugustowestin.com.br\/en\/about-dr-luiz-augusto-westin\/#breadcrumb\"},\"inLanguage\":\"en-US\",\"potentialAction\":[{\"@type\":\"ReadAction\",\"target\":[\"https:\/\/luizaugustowestin.com.br\/en\/about-dr-luiz-augusto-westin\/\"]}]},{\"@type\":\"ImageObject\",\"inLanguage\":\"en-US\",\"@id\":\"https:\/\/luizaugustowestin.com.br\/en\/about-dr-luiz-augusto-westin\/#primaryimage\",\"url\":\"http:\/\/luizaugustowestin.com.br\/wp-content\/uploads\/2020\/05\/sobre-alt-luiz-augusto-westin.jpg\",\"contentUrl\":\"http:\/\/luizaugustowestin.com.br\/wp-content\/uploads\/2020\/05\/sobre-alt-luiz-augusto-westin.jpg\"},{\"@type\":\"BreadcrumbList\",\"@id\":\"https:\/\/luizaugustowestin.com.br\/en\/about-dr-luiz-augusto-westin\/#breadcrumb\",\"itemListElement\":[{\"@type\":\"ListItem\",\"position\":1,\"name\":\"In\u00edcio\",\"item\":\"https:\/\/luizaugustowestin.com.br\/en\/\"},{\"@type\":\"ListItem\",\"position\":2,\"name\":\"About Dr. Luiz Augusto Westin\"}]},{\"@type\":\"WebSite\",\"@id\":\"https:\/\/luizaugustowestin.com.br\/en\/#website\",\"url\":\"https:\/\/luizaugustowestin.com.br\/en\/\",\"name\":\"Dr. Luiz Augusto Westin\",\"description\":\"Urologia Reconstrutora no Rio de Janeiro\",\"publisher\":{\"@id\":\"https:\/\/luizaugustowestin.com.br\/en\/#\/schema\/person\/2f07681eb34106047782277aea1bd56c\"},\"potentialAction\":[{\"@type\":\"SearchAction\",\"target\":{\"@type\":\"EntryPoint\",\"urlTemplate\":\"https:\/\/luizaugustowestin.com.br\/en\/?s={search_term_string}\"},\"query-input\":{\"@type\":\"PropertyValueSpecification\",\"valueRequired\":true,\"valueName\":\"search_term_string\"}}],\"inLanguage\":\"en-US\"},{\"@type\":[\"Person\",\"Organization\"],\"@id\":\"https:\/\/luizaugustowestin.com.br\/en\/#\/schema\/person\/2f07681eb34106047782277aea1bd56c\",\"name\":\"Luiz Augusto Westin\",\"image\":{\"@type\":\"ImageObject\",\"inLanguage\":\"en-US\",\"@id\":\"https:\/\/luizaugustowestin.com.br\/en\/#\/schema\/person\/image\/\",\"url\":\"https:\/\/luizaugustowestin.com.br\/wp-content\/uploads\/2016\/05\/logo-peq.png\",\"contentUrl\":\"https:\/\/luizaugustowestin.com.br\/wp-content\/uploads\/2016\/05\/logo-peq.png\",\"width\":360,\"height\":80,\"caption\":\"Luiz Augusto Westin\"},\"logo\":{\"@id\":\"https:\/\/luizaugustowestin.com.br\/en\/#\/schema\/person\/image\/\"},\"sameAs\":[\"https:\/\/www.facebook.com\/Dr-Luiz-Augusto-Westin-Urologia-Reconstrutora\"]}]}<\/script>\n<!-- \/ Yoast SEO plugin. -->","yoast_head_json":{"title":"About | Dr. Luiz Augusto Westin","description":"Meet Dr. Luiz Augusto Westin, a urologist with a focus on urethral stenosis and genital aesthetics.","robots":{"index":"index","follow":"follow","max-snippet":"max-snippet:-1","max-image-preview":"max-image-preview:large","max-video-preview":"max-video-preview:-1"},"canonical":"https:\/\/luizaugustowestin.com.br\/en\/about-dr-luiz-augusto-westin\/","og_locale":"en_US","og_type":"article","og_title":"About | Dr. Luiz Augusto Westin","og_description":"Meet Dr. Luiz Augusto Westin, a urologist with a focus on urethral stenosis and genital aesthetics.","og_url":"https:\/\/luizaugustowestin.com.br\/en\/about-dr-luiz-augusto-westin\/","og_site_name":"Dr. Luiz Augusto Westin","article_publisher":"https:\/\/www.facebook.com\/Dr-Luiz-Augusto-Westin-Urologia-Reconstrutora","article_modified_time":"2025-06-30T16:38:06+00:00","og_image":[{"width":935,"height":738,"url":"https:\/\/luizaugustowestin.com.br\/wp-content\/uploads\/2020\/05\/sobre-alt-luiz-augusto-westin.jpg","type":"image\/jpeg"}],"twitter_card":"summary_large_image","twitter_misc":{"Est. reading time":"2 minutes"},"schema":{"@context":"https:\/\/schema.org","@graph":[{"@type":"WebPage","@id":"https:\/\/luizaugustowestin.com.br\/en\/about-dr-luiz-augusto-westin\/","url":"https:\/\/luizaugustowestin.com.br\/en\/about-dr-luiz-augusto-westin\/","name":"About | Dr. Luiz Augusto Westin","isPartOf":{"@id":"https:\/\/luizaugustowestin.com.br\/en\/#website"},"primaryImageOfPage":{"@id":"https:\/\/luizaugustowestin.com.br\/en\/about-dr-luiz-augusto-westin\/#primaryimage"},"image":{"@id":"https:\/\/luizaugustowestin.com.br\/en\/about-dr-luiz-augusto-westin\/#primaryimage"},"thumbnailUrl":"http:\/\/luizaugustowestin.com.br\/wp-content\/uploads\/2020\/05\/sobre-alt-luiz-augusto-westin.jpg","datePublished":"2016-05-04T19:25:51+00:00","dateModified":"2025-06-30T16:38:06+00:00","description":"Meet Dr. Luiz Augusto Westin, a urologist with a focus on urethral stenosis and genital aesthetics.","breadcrumb":{"@id":"https:\/\/luizaugustowestin.com.br\/en\/about-dr-luiz-augusto-westin\/#breadcrumb"},"inLanguage":"en-US","potentialAction":[{"@type":"ReadAction","target":["https:\/\/luizaugustowestin.com.br\/en\/about-dr-luiz-augusto-westin\/"]}]},{"@type":"ImageObject","inLanguage":"en-US","@id":"https:\/\/luizaugustowestin.com.br\/en\/about-dr-luiz-augusto-westin\/#primaryimage","url":"http:\/\/luizaugustowestin.com.br\/wp-content\/uploads\/2020\/05\/sobre-alt-luiz-augusto-westin.jpg","contentUrl":"http:\/\/luizaugustowestin.com.br\/wp-content\/uploads\/2020\/05\/sobre-alt-luiz-augusto-westin.jpg"},{"@type":"BreadcrumbList","@id":"https:\/\/luizaugustowestin.com.br\/en\/about-dr-luiz-augusto-westin\/#breadcrumb","itemListElement":[{"@type":"ListItem","position":1,"name":"In\u00edcio","item":"https:\/\/luizaugustowestin.com.br\/en\/"},{"@type":"ListItem","position":2,"name":"About Dr. Luiz Augusto Westin"}]},{"@type":"WebSite","@id":"https:\/\/luizaugustowestin.com.br\/en\/#website","url":"https:\/\/luizaugustowestin.com.br\/en\/","name":"Dr. Luiz Augusto Westin","description":"Urologia Reconstrutora no Rio de Janeiro","publisher":{"@id":"https:\/\/luizaugustowestin.com.br\/en\/#\/schema\/person\/2f07681eb34106047782277aea1bd56c"},"potentialAction":[{"@type":"SearchAction","target":{"@type":"EntryPoint","urlTemplate":"https:\/\/luizaugustowestin.com.br\/en\/?s={search_term_string}"},"query-input":{"@type":"PropertyValueSpecification","valueRequired":true,"valueName":"search_term_string"}}],"inLanguage":"en-US"},{"@type":["Person","Organization"],"@id":"https:\/\/luizaugustowestin.com.br\/en\/#\/schema\/person\/2f07681eb34106047782277aea1bd56c","name":"Luiz Augusto Westin","image":{"@type":"ImageObject","inLanguage":"en-US","@id":"https:\/\/luizaugustowestin.com.br\/en\/#\/schema\/person\/image\/","url":"https:\/\/luizaugustowestin.com.br\/wp-content\/uploads\/2016\/05\/logo-peq.png","contentUrl":"https:\/\/luizaugustowestin.com.br\/wp-content\/uploads\/2016\/05\/logo-peq.png","width":360,"height":80,"caption":"Luiz Augusto Westin"},"logo":{"@id":"https:\/\/luizaugustowestin.com.br\/en\/#\/schema\/person\/image\/"},"sameAs":["https:\/\/www.facebook.com\/Dr-Luiz-Augusto-Westin-Urologia-Reconstrutora"]}]}},"_links":{"self":[{"href":"https:\/\/luizaugustowestin.com.br\/en\/wp-json\/wp\/v2\/pages\/1408","targetHints":{"allow":["GET"]}}],"collection":[{"href":"https:\/\/luizaugustowestin.com.br\/en\/wp-json\/wp\/v2\/pages"}],"about":[{"href":"https:\/\/luizaugustowestin.com.br\/en\/wp-json\/wp\/v2\/types\/page"}],"author":[{"embeddable":true,"href":"https:\/\/luizaugustowestin.com.br\/en\/wp-json\/wp\/v2\/users\/2"}],"replies":[{"embeddable":true,"href":"https:\/\/luizaugustowestin.com.br\/en\/wp-json\/wp\/v2\/comments?post=1408"}],"version-history":[{"count":1,"href":"https:\/\/luizaugustowestin.com.br\/en\/wp-json\/wp\/v2\/pages\/1408\/revisions"}],"predecessor-version":[{"id":1409,"href":"https:\/\/luizaugustowestin.com.br\/en\/wp-json\/wp\/v2\/pages\/1408\/revisions\/1409"}],"wp:attachment":[{"href":"https:\/\/luizaugustowestin.com.br\/en\/wp-json\/wp\/v2\/media?parent=1408"}],"curies":[{"name":"wp","href":"https:\/\/api.w.org\/{rel}","templated":true}]}}